{"id":1000,"date":"2022-02-01T15:49:14","date_gmt":"2022-02-01T14:49:14","guid":{"rendered":"https:\/\/www.www.lifecriquetdecrau.com\/nos-actions\/gestion-de-son-habitat\/"},"modified":"2026-02-16T15:56:06","modified_gmt":"2026-02-16T14:56:06","slug":"gestion-de-son-habitat","status":"publish","type":"page","link":"https:\/\/www.lifecriquetdecrau.com\/en\/nos-actions\/gestion-de-son-habitat\/","title":{"rendered":"Management of its habitat"},"content":{"rendered":"","protected":false},"excerpt":{"rendered":"","protected":false},"author":1,"featured_media":821,"parent":994,"menu_order":4,"comment_status":"closed","ping_status":"closed","template":"","meta":{"_acf_changed":false,"footnotes":""},"class_list":["post-1000","page","type-page","status-publish","has-post-thumbnail","hentry"],"acf":[],"yoast_head":"<!-- This site is optimized with the Yoast SEO plugin v27.5 - https:\/\/yoast.com\/product\/yoast-seo-wordpress\/ -->\n<title>Management of its habitat - Criquet De Crau<\/title>\n<meta name=\"description\" content=\"Pour pr\u00e9server les trois sous-populations existantes de Criquet de Crau, la gestion pastorale des coussouls va \u00eatre adapt\u00e9e \u00e0 long terme.\" \/>\n<meta name=\"robots\" content=\"index, follow, max-snippet:-1, max-image-preview:large, max-video-preview:-1\" \/>\n<link rel=\"canonical\" href=\"https:\/\/www.lifecriquetdecrau.com\/en\/nos-actions\/gestion-de-son-habitat\/\" \/>\n<meta property=\"og:locale\" content=\"en_US\" \/>\n<meta property=\"og:type\" content=\"article\" \/>\n<meta property=\"og:title\" content=\"Management of its habitat - Criquet De Crau\" \/>\n<meta property=\"og:description\" content=\"Pour pr\u00e9server les trois sous-populations existantes de Criquet de Crau, la gestion pastorale des coussouls va \u00eatre adapt\u00e9e \u00e0 long terme.\" \/>\n<meta property=\"og:url\" content=\"https:\/\/www.lifecriquetdecrau.com\/en\/nos-actions\/gestion-de-son-habitat\/\" \/>\n<meta property=\"og:site_name\" content=\"Criquet De Crau\" \/>\n<meta property=\"article:modified_time\" content=\"2026-02-16T14:56:06+00:00\" \/>\n<meta property=\"og:image\" content=\"https:\/\/www.lifecriquetdecrau.com\/media\/uploads\/2022\/03\/Crau-mouton-Hubert-Dupiczak.jpg\" \/>\n\t<meta property=\"og:image:width\" content=\"1772\" \/>\n\t<meta property=\"og:image:height\" content=\"997\" \/>\n\t<meta property=\"og:image:type\" content=\"image\/jpeg\" \/>\n<meta name=\"twitter:card\" content=\"summary_large_image\" \/>\n<meta name=\"twitter:label1\" content=\"Est. reading time\" \/>\n\t<meta name=\"twitter:data1\" content=\"3 minutes\" \/>\n<script type=\"application\/ld+json\" class=\"yoast-schema-graph\">{\"@context\":\"https:\\\/\\\/schema.org\",\"@graph\":[{\"@type\":\"WebPage\",\"@id\":\"https:\\\/\\\/www.lifecriquetdecrau.com\\\/en\\\/nos-actions\\\/gestion-de-son-habitat\\\/\",\"url\":\"https:\\\/\\\/www.lifecriquetdecrau.com\\\/en\\\/nos-actions\\\/gestion-de-son-habitat\\\/\",\"name\":\"Management of its habitat - Criquet De Crau\",\"isPartOf\":{\"@id\":\"https:\\\/\\\/www.lifecriquetdecrau.com\\\/en\\\/#website\"},\"primaryImageOfPage\":{\"@id\":\"https:\\\/\\\/www.lifecriquetdecrau.com\\\/en\\\/nos-actions\\\/gestion-de-son-habitat\\\/#primaryimage\"},\"image\":{\"@id\":\"https:\\\/\\\/www.lifecriquetdecrau.com\\\/en\\\/nos-actions\\\/gestion-de-son-habitat\\\/#primaryimage\"},\"thumbnailUrl\":\"https:\\\/\\\/www.lifecriquetdecrau.com\\\/media\\\/uploads\\\/2022\\\/03\\\/Crau-mouton-Hubert-Dupiczak.jpg\",\"datePublished\":\"2022-02-01T14:49:14+00:00\",\"dateModified\":\"2026-02-16T14:56:06+00:00\",\"description\":\"Pour pr\u00e9server les trois sous-populations existantes de Criquet de Crau, la gestion pastorale des coussouls va \u00eatre adapt\u00e9e \u00e0 long terme.\",\"breadcrumb\":{\"@id\":\"https:\\\/\\\/www.lifecriquetdecrau.com\\\/en\\\/nos-actions\\\/gestion-de-son-habitat\\\/#breadcrumb\"},\"inLanguage\":\"en-US\",\"potentialAction\":[{\"@type\":\"ReadAction\",\"target\":[\"https:\\\/\\\/www.lifecriquetdecrau.com\\\/en\\\/nos-actions\\\/gestion-de-son-habitat\\\/\"]}]},{\"@type\":\"ImageObject\",\"inLanguage\":\"en-US\",\"@id\":\"https:\\\/\\\/www.lifecriquetdecrau.com\\\/en\\\/nos-actions\\\/gestion-de-son-habitat\\\/#primaryimage\",\"url\":\"https:\\\/\\\/www.lifecriquetdecrau.com\\\/media\\\/uploads\\\/2022\\\/03\\\/Crau-mouton-Hubert-Dupiczak.jpg\",\"contentUrl\":\"https:\\\/\\\/www.lifecriquetdecrau.com\\\/media\\\/uploads\\\/2022\\\/03\\\/Crau-mouton-Hubert-Dupiczak.jpg\",\"width\":1772,\"height\":997,\"caption\":\"Moutons p\u00e2turant la Plaine de la Crau \u00a9 Hubert Dupiczak - CEN PACA\"},{\"@type\":\"BreadcrumbList\",\"@id\":\"https:\\\/\\\/www.lifecriquetdecrau.com\\\/en\\\/nos-actions\\\/gestion-de-son-habitat\\\/#breadcrumb\",\"itemListElement\":[{\"@type\":\"ListItem\",\"position\":1,\"name\":\"Accueil\",\"item\":\"https:\\\/\\\/www.lifecriquetdecrau.com\\\/en\\\/\"},{\"@type\":\"ListItem\",\"position\":2,\"name\":\"Actions\",\"item\":\"https:\\\/\\\/www.lifecriquetdecrau.com\\\/en\\\/nos-actions\\\/\"},{\"@type\":\"ListItem\",\"position\":3,\"name\":\"Management of its habitat\"}]},{\"@type\":\"WebSite\",\"@id\":\"https:\\\/\\\/www.lifecriquetdecrau.com\\\/en\\\/#website\",\"url\":\"https:\\\/\\\/www.lifecriquetdecrau.com\\\/en\\\/\",\"name\":\"Criquet De Crau\",\"description\":\"\",\"potentialAction\":[{\"@type\":\"SearchAction\",\"target\":{\"@type\":\"EntryPoint\",\"urlTemplate\":\"https:\\\/\\\/www.lifecriquetdecrau.com\\\/en\\\/?s={search_term_string}\"},\"query-input\":{\"@type\":\"PropertyValueSpecification\",\"valueRequired\":true,\"valueName\":\"search_term_string\"}}],\"inLanguage\":\"en-US\"}]}<\/script>\n<!-- \/ Yoast SEO plugin. -->","yoast_head_json":{"title":"Management of its habitat - Criquet De Crau","description":"Pour pr\u00e9server les trois sous-populations existantes de Criquet de Crau, la gestion pastorale des coussouls va \u00eatre adapt\u00e9e \u00e0 long terme.","robots":{"index":"index","follow":"follow","max-snippet":"max-snippet:-1","max-image-preview":"max-image-preview:large","max-video-preview":"max-video-preview:-1"},"canonical":"https:\/\/www.lifecriquetdecrau.com\/en\/nos-actions\/gestion-de-son-habitat\/","og_locale":"en_US","og_type":"article","og_title":"Management of its habitat - Criquet De Crau","og_description":"Pour pr\u00e9server les trois sous-populations existantes de Criquet de Crau, la gestion pastorale des coussouls va \u00eatre adapt\u00e9e \u00e0 long terme.","og_url":"https:\/\/www.lifecriquetdecrau.com\/en\/nos-actions\/gestion-de-son-habitat\/","og_site_name":"Criquet De Crau","article_modified_time":"2026-02-16T14:56:06+00:00","og_image":[{"width":1772,"height":997,"url":"https:\/\/www.lifecriquetdecrau.com\/media\/uploads\/2022\/03\/Crau-mouton-Hubert-Dupiczak.jpg","type":"image\/jpeg"}],"twitter_card":"summary_large_image","twitter_misc":{"Est. reading time":"3 minutes"},"schema":{"@context":"https:\/\/schema.org","@graph":[{"@type":"WebPage","@id":"https:\/\/www.lifecriquetdecrau.com\/en\/nos-actions\/gestion-de-son-habitat\/","url":"https:\/\/www.lifecriquetdecrau.com\/en\/nos-actions\/gestion-de-son-habitat\/","name":"Management of its habitat - Criquet De Crau","isPartOf":{"@id":"https:\/\/www.lifecriquetdecrau.com\/en\/#website"},"primaryImageOfPage":{"@id":"https:\/\/www.lifecriquetdecrau.com\/en\/nos-actions\/gestion-de-son-habitat\/#primaryimage"},"image":{"@id":"https:\/\/www.lifecriquetdecrau.com\/en\/nos-actions\/gestion-de-son-habitat\/#primaryimage"},"thumbnailUrl":"https:\/\/www.lifecriquetdecrau.com\/media\/uploads\/2022\/03\/Crau-mouton-Hubert-Dupiczak.jpg","datePublished":"2022-02-01T14:49:14+00:00","dateModified":"2026-02-16T14:56:06+00:00","description":"Pour pr\u00e9server les trois sous-populations existantes de Criquet de Crau, la gestion pastorale des coussouls va \u00eatre adapt\u00e9e \u00e0 long terme.","breadcrumb":{"@id":"https:\/\/www.lifecriquetdecrau.com\/en\/nos-actions\/gestion-de-son-habitat\/#breadcrumb"},"inLanguage":"en-US","potentialAction":[{"@type":"ReadAction","target":["https:\/\/www.lifecriquetdecrau.com\/en\/nos-actions\/gestion-de-son-habitat\/"]}]},{"@type":"ImageObject","inLanguage":"en-US","@id":"https:\/\/www.lifecriquetdecrau.com\/en\/nos-actions\/gestion-de-son-habitat\/#primaryimage","url":"https:\/\/www.lifecriquetdecrau.com\/media\/uploads\/2022\/03\/Crau-mouton-Hubert-Dupiczak.jpg","contentUrl":"https:\/\/www.lifecriquetdecrau.com\/media\/uploads\/2022\/03\/Crau-mouton-Hubert-Dupiczak.jpg","width":1772,"height":997,"caption":"Moutons p\u00e2turant la Plaine de la Crau \u00a9 Hubert Dupiczak - CEN PACA"},{"@type":"BreadcrumbList","@id":"https:\/\/www.lifecriquetdecrau.com\/en\/nos-actions\/gestion-de-son-habitat\/#breadcrumb","itemListElement":[{"@type":"ListItem","position":1,"name":"Accueil","item":"https:\/\/www.lifecriquetdecrau.com\/en\/"},{"@type":"ListItem","position":2,"name":"Actions","item":"https:\/\/www.lifecriquetdecrau.com\/en\/nos-actions\/"},{"@type":"ListItem","position":3,"name":"Management of its habitat"}]},{"@type":"WebSite","@id":"https:\/\/www.lifecriquetdecrau.com\/en\/#website","url":"https:\/\/www.lifecriquetdecrau.com\/en\/","name":"Criquet De Crau","description":"","potentialAction":[{"@type":"SearchAction","target":{"@type":"EntryPoint","urlTemplate":"https:\/\/www.lifecriquetdecrau.com\/en\/?s={search_term_string}"},"query-input":{"@type":"PropertyValueSpecification","valueRequired":true,"valueName":"search_term_string"}}],"inLanguage":"en-US"}]}},"_links":{"self":[{"href":"https:\/\/www.lifecriquetdecrau.com\/en\/wp-json\/wp\/v2\/pages\/1000","targetHints":{"allow":["GET"]}}],"collection":[{"href":"https:\/\/www.lifecriquetdecrau.com\/en\/wp-json\/wp\/v2\/pages"}],"about":[{"href":"https:\/\/www.lifecriquetdecrau.com\/en\/wp-json\/wp\/v2\/types\/page"}],"author":[{"embeddable":true,"href":"https:\/\/www.lifecriquetdecrau.com\/en\/wp-json\/wp\/v2\/users\/1"}],"replies":[{"embeddable":true,"href":"https:\/\/www.lifecriquetdecrau.com\/en\/wp-json\/wp\/v2\/comments?post=1000"}],"version-history":[{"count":5,"href":"https:\/\/www.lifecriquetdecrau.com\/en\/wp-json\/wp\/v2\/pages\/1000\/revisions"}],"predecessor-version":[{"id":4551,"href":"https:\/\/www.lifecriquetdecrau.com\/en\/wp-json\/wp\/v2\/pages\/1000\/revisions\/4551"}],"up":[{"embeddable":true,"href":"https:\/\/www.lifecriquetdecrau.com\/en\/wp-json\/wp\/v2\/pages\/994"}],"wp:featuredmedia":[{"embeddable":true,"href":"https:\/\/www.lifecriquetdecrau.com\/en\/wp-json\/wp\/v2\/media\/821"}],"wp:attachment":[{"href":"https:\/\/www.lifecriquetdecrau.com\/en\/wp-json\/wp\/v2\/media?parent=1000"}],"curies":[{"name":"wp","href":"https:\/\/api.w.org\/{rel}","templated":true}]}}