{"id":998,"date":"2022-02-05T15:51:12","date_gmt":"2022-02-05T14:51:12","guid":{"rendered":"https:\/\/www.www.lifecriquetdecrau.com\/nos-actions\/communication-et-sensibilisation\/"},"modified":"2022-04-16T20:36:53","modified_gmt":"2022-04-16T18:36:53","slug":"communication-et-sensibilisation","status":"publish","type":"page","link":"https:\/\/www.lifecriquetdecrau.com\/en\/nos-actions\/communication-et-sensibilisation\/","title":{"rendered":"Communication and awareness raising"},"content":{"rendered":"","protected":false},"excerpt":{"rendered":"","protected":false},"author":1,"featured_media":809,"parent":994,"menu_order":2,"comment_status":"closed","ping_status":"closed","template":"","meta":{"_acf_changed":false,"footnotes":""},"class_list":["post-998","page","type-page","status-publish","has-post-thumbnail","hentry"],"acf":[],"yoast_head":"<!-- This site is optimized with the Yoast SEO plugin v27.5 - https:\/\/yoast.com\/product\/yoast-seo-wordpress\/ -->\n<title>Communication and awareness raising - Criquet De Crau<\/title>\n<meta name=\"description\" content=\"Le Criquet de Crau est m\u00e9connu du public. Informer et sensibiliser le public aux enjeux li\u00e9s \u00e0 cette esp\u00e8ce et \u00e0 son milieu est primordial.\" \/>\n<meta name=\"robots\" content=\"index, follow, max-snippet:-1, max-image-preview:large, max-video-preview:-1\" \/>\n<link rel=\"canonical\" href=\"https:\/\/www.lifecriquetdecrau.com\/en\/nos-actions\/communication-et-sensibilisation\/\" \/>\n<meta property=\"og:locale\" content=\"en_US\" \/>\n<meta property=\"og:type\" content=\"article\" \/>\n<meta property=\"og:title\" content=\"Communication and awareness raising - Criquet De Crau\" \/>\n<meta property=\"og:description\" content=\"Le Criquet de Crau est m\u00e9connu du public. Informer et sensibiliser le public aux enjeux li\u00e9s \u00e0 cette esp\u00e8ce et \u00e0 son milieu est primordial.\" \/>\n<meta property=\"og:url\" content=\"https:\/\/www.lifecriquetdecrau.com\/en\/nos-actions\/communication-et-sensibilisation\/\" \/>\n<meta property=\"og:site_name\" content=\"Criquet De Crau\" \/>\n<meta property=\"article:modified_time\" content=\"2022-04-16T18:36:53+00:00\" \/>\n<meta property=\"og:image\" content=\"https:\/\/lifecriquetdecrau.com\/media\/uploads\/2022\/03\/N4-Animation-ecomusee-de-la-crau-Mairie-de-Saint-Martin-de-Crau-\u00a9-CEN-PACA-2-1024x768.jpg\" \/>\n\t<meta property=\"og:image:width\" content=\"1024\" \/>\n\t<meta property=\"og:image:height\" content=\"768\" \/>\n\t<meta property=\"og:image:type\" content=\"image\/jpeg\" \/>\n<meta name=\"twitter:card\" content=\"summary_large_image\" \/>\n<script type=\"application\/ld+json\" class=\"yoast-schema-graph\">{\"@context\":\"https:\\\/\\\/schema.org\",\"@graph\":[{\"@type\":\"WebPage\",\"@id\":\"https:\\\/\\\/www.lifecriquetdecrau.com\\\/en\\\/nos-actions\\\/communication-et-sensibilisation\\\/\",\"url\":\"https:\\\/\\\/www.lifecriquetdecrau.com\\\/en\\\/nos-actions\\\/communication-et-sensibilisation\\\/\",\"name\":\"Communication and awareness raising - Criquet De Crau\",\"isPartOf\":{\"@id\":\"https:\\\/\\\/www.lifecriquetdecrau.com\\\/en\\\/#website\"},\"primaryImageOfPage\":{\"@id\":\"https:\\\/\\\/www.lifecriquetdecrau.com\\\/en\\\/nos-actions\\\/communication-et-sensibilisation\\\/#primaryimage\"},\"image\":{\"@id\":\"https:\\\/\\\/www.lifecriquetdecrau.com\\\/en\\\/nos-actions\\\/communication-et-sensibilisation\\\/#primaryimage\"},\"thumbnailUrl\":\"https:\\\/\\\/www.lifecriquetdecrau.com\\\/media\\\/uploads\\\/2022\\\/03\\\/N4-Animation-ecomusee-de-la-crau-Mairie-de-Saint-Martin-de-Crau-\u00a9-CEN-PACA-2.jpg\",\"datePublished\":\"2022-02-05T14:51:12+00:00\",\"dateModified\":\"2022-04-16T18:36:53+00:00\",\"description\":\"Le Criquet de Crau est m\u00e9connu du public. Informer et sensibiliser le public aux enjeux li\u00e9s \u00e0 cette esp\u00e8ce et \u00e0 son milieu est primordial.\",\"breadcrumb\":{\"@id\":\"https:\\\/\\\/www.lifecriquetdecrau.com\\\/en\\\/nos-actions\\\/communication-et-sensibilisation\\\/#breadcrumb\"},\"inLanguage\":\"en-US\",\"potentialAction\":[{\"@type\":\"ReadAction\",\"target\":[\"https:\\\/\\\/www.lifecriquetdecrau.com\\\/en\\\/nos-actions\\\/communication-et-sensibilisation\\\/\"]}]},{\"@type\":\"ImageObject\",\"inLanguage\":\"en-US\",\"@id\":\"https:\\\/\\\/www.lifecriquetdecrau.com\\\/en\\\/nos-actions\\\/communication-et-sensibilisation\\\/#primaryimage\",\"url\":\"https:\\\/\\\/www.lifecriquetdecrau.com\\\/media\\\/uploads\\\/2022\\\/03\\\/N4-Animation-ecomusee-de-la-crau-Mairie-de-Saint-Martin-de-Crau-\u00a9-CEN-PACA-2.jpg\",\"contentUrl\":\"https:\\\/\\\/www.lifecriquetdecrau.com\\\/media\\\/uploads\\\/2022\\\/03\\\/N4-Animation-ecomusee-de-la-crau-Mairie-de-Saint-Martin-de-Crau-\u00a9-CEN-PACA-2.jpg\",\"width\":1772,\"height\":1329,\"caption\":\"Cycle p\u00e9dagogique dans la R\u00e9serve naturelle r\u00e9gionale de la Poitevine Regarde-Venir (13) \u00a9 Marion Brun\"},{\"@type\":\"BreadcrumbList\",\"@id\":\"https:\\\/\\\/www.lifecriquetdecrau.com\\\/en\\\/nos-actions\\\/communication-et-sensibilisation\\\/#breadcrumb\",\"itemListElement\":[{\"@type\":\"ListItem\",\"position\":1,\"name\":\"Accueil\",\"item\":\"https:\\\/\\\/www.lifecriquetdecrau.com\\\/en\\\/\"},{\"@type\":\"ListItem\",\"position\":2,\"name\":\"Actions\",\"item\":\"https:\\\/\\\/www.lifecriquetdecrau.com\\\/en\\\/nos-actions\\\/\"},{\"@type\":\"ListItem\",\"position\":3,\"name\":\"Communication and awareness raising\"}]},{\"@type\":\"WebSite\",\"@id\":\"https:\\\/\\\/www.lifecriquetdecrau.com\\\/en\\\/#website\",\"url\":\"https:\\\/\\\/www.lifecriquetdecrau.com\\\/en\\\/\",\"name\":\"Criquet De Crau\",\"description\":\"\",\"potentialAction\":[{\"@type\":\"SearchAction\",\"target\":{\"@type\":\"EntryPoint\",\"urlTemplate\":\"https:\\\/\\\/www.lifecriquetdecrau.com\\\/en\\\/?s={search_term_string}\"},\"query-input\":{\"@type\":\"PropertyValueSpecification\",\"valueRequired\":true,\"valueName\":\"search_term_string\"}}],\"inLanguage\":\"en-US\"}]}<\/script>\n<!-- \/ Yoast SEO plugin. -->","yoast_head_json":{"title":"Communication and awareness raising - Criquet De Crau","description":"Le Criquet de Crau est m\u00e9connu du public. Informer et sensibiliser le public aux enjeux li\u00e9s \u00e0 cette esp\u00e8ce et \u00e0 son milieu est primordial.","robots":{"index":"index","follow":"follow","max-snippet":"max-snippet:-1","max-image-preview":"max-image-preview:large","max-video-preview":"max-video-preview:-1"},"canonical":"https:\/\/www.lifecriquetdecrau.com\/en\/nos-actions\/communication-et-sensibilisation\/","og_locale":"en_US","og_type":"article","og_title":"Communication and awareness raising - Criquet De Crau","og_description":"Le Criquet de Crau est m\u00e9connu du public. Informer et sensibiliser le public aux enjeux li\u00e9s \u00e0 cette esp\u00e8ce et \u00e0 son milieu est primordial.","og_url":"https:\/\/www.lifecriquetdecrau.com\/en\/nos-actions\/communication-et-sensibilisation\/","og_site_name":"Criquet De Crau","article_modified_time":"2022-04-16T18:36:53+00:00","og_image":[{"width":1024,"height":768,"url":"https:\/\/lifecriquetdecrau.com\/media\/uploads\/2022\/03\/N4-Animation-ecomusee-de-la-crau-Mairie-de-Saint-Martin-de-Crau-\u00a9-CEN-PACA-2-1024x768.jpg","type":"image\/jpeg"}],"twitter_card":"summary_large_image","schema":{"@context":"https:\/\/schema.org","@graph":[{"@type":"WebPage","@id":"https:\/\/www.lifecriquetdecrau.com\/en\/nos-actions\/communication-et-sensibilisation\/","url":"https:\/\/www.lifecriquetdecrau.com\/en\/nos-actions\/communication-et-sensibilisation\/","name":"Communication and awareness raising - Criquet De Crau","isPartOf":{"@id":"https:\/\/www.lifecriquetdecrau.com\/en\/#website"},"primaryImageOfPage":{"@id":"https:\/\/www.lifecriquetdecrau.com\/en\/nos-actions\/communication-et-sensibilisation\/#primaryimage"},"image":{"@id":"https:\/\/www.lifecriquetdecrau.com\/en\/nos-actions\/communication-et-sensibilisation\/#primaryimage"},"thumbnailUrl":"https:\/\/www.lifecriquetdecrau.com\/media\/uploads\/2022\/03\/N4-Animation-ecomusee-de-la-crau-Mairie-de-Saint-Martin-de-Crau-\u00a9-CEN-PACA-2.jpg","datePublished":"2022-02-05T14:51:12+00:00","dateModified":"2022-04-16T18:36:53+00:00","description":"Le Criquet de Crau est m\u00e9connu du public. Informer et sensibiliser le public aux enjeux li\u00e9s \u00e0 cette esp\u00e8ce et \u00e0 son milieu est primordial.","breadcrumb":{"@id":"https:\/\/www.lifecriquetdecrau.com\/en\/nos-actions\/communication-et-sensibilisation\/#breadcrumb"},"inLanguage":"en-US","potentialAction":[{"@type":"ReadAction","target":["https:\/\/www.lifecriquetdecrau.com\/en\/nos-actions\/communication-et-sensibilisation\/"]}]},{"@type":"ImageObject","inLanguage":"en-US","@id":"https:\/\/www.lifecriquetdecrau.com\/en\/nos-actions\/communication-et-sensibilisation\/#primaryimage","url":"https:\/\/www.lifecriquetdecrau.com\/media\/uploads\/2022\/03\/N4-Animation-ecomusee-de-la-crau-Mairie-de-Saint-Martin-de-Crau-\u00a9-CEN-PACA-2.jpg","contentUrl":"https:\/\/www.lifecriquetdecrau.com\/media\/uploads\/2022\/03\/N4-Animation-ecomusee-de-la-crau-Mairie-de-Saint-Martin-de-Crau-\u00a9-CEN-PACA-2.jpg","width":1772,"height":1329,"caption":"Cycle p\u00e9dagogique dans la R\u00e9serve naturelle r\u00e9gionale de la Poitevine Regarde-Venir (13) \u00a9 Marion Brun"},{"@type":"BreadcrumbList","@id":"https:\/\/www.lifecriquetdecrau.com\/en\/nos-actions\/communication-et-sensibilisation\/#breadcrumb","itemListElement":[{"@type":"ListItem","position":1,"name":"Accueil","item":"https:\/\/www.lifecriquetdecrau.com\/en\/"},{"@type":"ListItem","position":2,"name":"Actions","item":"https:\/\/www.lifecriquetdecrau.com\/en\/nos-actions\/"},{"@type":"ListItem","position":3,"name":"Communication and awareness raising"}]},{"@type":"WebSite","@id":"https:\/\/www.lifecriquetdecrau.com\/en\/#website","url":"https:\/\/www.lifecriquetdecrau.com\/en\/","name":"Criquet De Crau","description":"","potentialAction":[{"@type":"SearchAction","target":{"@type":"EntryPoint","urlTemplate":"https:\/\/www.lifecriquetdecrau.com\/en\/?s={search_term_string}"},"query-input":{"@type":"PropertyValueSpecification","valueRequired":true,"valueName":"search_term_string"}}],"inLanguage":"en-US"}]}},"_links":{"self":[{"href":"https:\/\/www.lifecriquetdecrau.com\/en\/wp-json\/wp\/v2\/pages\/998","targetHints":{"allow":["GET"]}}],"collection":[{"href":"https:\/\/www.lifecriquetdecrau.com\/en\/wp-json\/wp\/v2\/pages"}],"about":[{"href":"https:\/\/www.lifecriquetdecrau.com\/en\/wp-json\/wp\/v2\/types\/page"}],"author":[{"embeddable":true,"href":"https:\/\/www.lifecriquetdecrau.com\/en\/wp-json\/wp\/v2\/users\/1"}],"replies":[{"embeddable":true,"href":"https:\/\/www.lifecriquetdecrau.com\/en\/wp-json\/wp\/v2\/comments?post=998"}],"version-history":[{"count":4,"href":"https:\/\/www.lifecriquetdecrau.com\/en\/wp-json\/wp\/v2\/pages\/998\/revisions"}],"predecessor-version":[{"id":1402,"href":"https:\/\/www.lifecriquetdecrau.com\/en\/wp-json\/wp\/v2\/pages\/998\/revisions\/1402"}],"up":[{"embeddable":true,"href":"https:\/\/www.lifecriquetdecrau.com\/en\/wp-json\/wp\/v2\/pages\/994"}],"wp:featuredmedia":[{"embeddable":true,"href":"https:\/\/www.lifecriquetdecrau.com\/en\/wp-json\/wp\/v2\/media\/809"}],"wp:attachment":[{"href":"https:\/\/www.lifecriquetdecrau.com\/en\/wp-json\/wp\/v2\/media?parent=998"}],"curies":[{"name":"wp","href":"https:\/\/api.w.org\/{rel}","templated":true}]}}